{"id":842,"date":"2024-06-13T17:23:37","date_gmt":"2024-06-13T14:23:37","guid":{"rendered":"https:\/\/www.anatoliaexpo.com.tr\/?page_id=842"},"modified":"2024-06-13T17:46:50","modified_gmt":"2024-06-13T14:46:50","slug":"ozel-stant-tasarimi","status":"publish","type":"page","link":"https:\/\/www.anatoliaexpo.com.tr\/en\/ozel-stant-tasarimi\/","title":{"rendered":"\u00d6ZEL STANT TASARIMI"},"content":{"rendered":"<p>[vc_row][vc_column width=&#8221;1\/2&#8243;][vc_single_image image=&#8221;866&#8243; img_size=&#8221;full&#8221; alignment=&#8221;center&#8221; style=&#8221;vc_box_outline&#8221; border_color=&#8221;blue&#8221;][\/vc_column][vc_column width=&#8221;1\/2&#8243;][vc_column_text]<\/p>\n<h4>Markan\u0131z\u0131 \u00d6ne \u00c7\u0131karan \u00d6zel Stand Tasar\u0131mlar\u0131<\/h4>\n<p>Anatolia Expo olarak, fuar ve etkinliklerde firman\u0131z\u0131n kimli\u011fini en iyi \u015fekilde yans\u0131tacak ve dikkat \u00e7ekici \u00f6zel stand tasar\u0131mlar\u0131 sunuyoruz. Deneyimli tasar\u0131m ekibimiz ve yenilik\u00e7i \u00e7\u00f6z\u00fcmlerimiz ile markan\u0131z\u0131 bir ad\u0131m \u00f6ne ta\u015f\u0131yoruz. \u0130htiya\u00e7lar\u0131n\u0131za ve hedeflerinize uygun stand tasar\u0131mlar\u0131m\u0131zla, etkinliklerde fark yaratman\u0131z i\u00e7in buraday\u0131z.[\/vc_column_text][\/vc_column][\/vc_row]<\/p>\n","protected":false},"excerpt":{"rendered":"<p>[vc_row][vc_column width=&#8221;1\/2&#8243;][vc_single_image image=&#8221;866&#8243; img_size=&#8221;full&#8221; alignment=&#8221;center&#8221; style=&#8221;vc_box_outline&#8221; border_color=&#8221;blue&#8221;][\/vc_column][vc_column width=&#8221;1\/2&#8243;][vc_column_text] Markan\u0131z\u0131 \u00d6ne \u00c7\u0131karan \u00d6zel Stand Tasar\u0131mlar\u0131 Anatolia Expo olarak, fuar ve etkinliklerde firman\u0131z\u0131n kimli\u011fini en iyi \u015fekilde yans\u0131tacak ve dikkat \u00e7ekici \u00f6zel stand tasar\u0131mlar\u0131 sunuyoruz. Deneyimli tasar\u0131m ekibimiz ve yenilik\u00e7i \u00e7\u00f6z\u00fcmlerimiz ile&#8230;<\/p>\n","protected":false},"author":1,"featured_media":0,"parent":0,"menu_order":0,"comment_status":"closed","ping_status":"closed","template":"","meta":{"pgc_sgb_lightbox_settings":"","footnotes":""},"class_list":["post-842","page","type-page","status-publish","hentry"],"_links":{"self":[{"href":"https:\/\/www.anatoliaexpo.com.tr\/en\/wp-json\/wp\/v2\/pages\/842","targetHints":{"allow":["GET"]}}],"collection":[{"href":"https:\/\/www.anatoliaexpo.com.tr\/en\/wp-json\/wp\/v2\/pages"}],"about":[{"href":"https:\/\/www.anatoliaexpo.com.tr\/en\/wp-json\/wp\/v2\/types\/page"}],"author":[{"embeddable":true,"href":"https:\/\/www.anatoliaexpo.com.tr\/en\/wp-json\/wp\/v2\/users\/1"}],"replies":[{"embeddable":true,"href":"https:\/\/www.anatoliaexpo.com.tr\/en\/wp-json\/wp\/v2\/comments?post=842"}],"version-history":[{"count":4,"href":"https:\/\/www.anatoliaexpo.com.tr\/en\/wp-json\/wp\/v2\/pages\/842\/revisions"}],"predecessor-version":[{"id":872,"href":"https:\/\/www.anatoliaexpo.com.tr\/en\/wp-json\/wp\/v2\/pages\/842\/revisions\/872"}],"wp:attachment":[{"href":"https:\/\/www.anatoliaexpo.com.tr\/en\/wp-json\/wp\/v2\/media?parent=842"}],"curies":[{"name":"wp","href":"https:\/\/api.w.org\/{rel}","templated":true}]}}