{"id":841,"date":"2024-06-13T17:23:28","date_gmt":"2024-06-13T14:23:28","guid":{"rendered":"https:\/\/www.anatoliaexpo.com.tr\/?page_id=841"},"modified":"2024-06-13T17:46:23","modified_gmt":"2024-06-13T14:46:23","slug":"tesvik-takip-sureci","status":"publish","type":"page","link":"https:\/\/www.anatoliaexpo.com.tr\/en\/tesvik-takip-sureci\/","title":{"rendered":"TE\u015eV\u0130K TAK\u0130P S\u00dcREC\u0130"},"content":{"rendered":"<p>[vc_row][vc_column width=&#8221;1\/2&#8243;][vc_single_image image=&#8221;864&#8243; img_size=&#8221;full&#8221; alignment=&#8221;center&#8221; style=&#8221;vc_box_outline&#8221; border_color=&#8221;blue&#8221;][\/vc_column][vc_column width=&#8221;1\/2&#8243;][vc_column_text]<\/p>\n<h4>Te\u015fviklerinizi Profesyonelce Y\u00f6netin<\/h4>\n<p>Anatolia Expo olarak, te\u015fvik s\u00fcre\u00e7lerinin karma\u015f\u0131kl\u0131\u011f\u0131n\u0131 ve zaman al\u0131c\u0131 do\u011fas\u0131n\u0131 anl\u0131yoruz. \u0130\u015fletmenizin b\u00fcy\u00fcmesi ve geli\u015fmesi i\u00e7in ihtiya\u00e7 duydu\u011funuz te\u015fvikleri en etkin \u015fekilde y\u00f6netmenize yard\u0131mc\u0131 oluyoruz. Uzman ekibimiz ve kapsaml\u0131 hizmetlerimiz ile te\u015fvik ba\u015fvurular\u0131n\u0131z\u0131n her a\u015famas\u0131nda yan\u0131n\u0131zday\u0131z.[\/vc_column_text][\/vc_column][\/vc_row]<\/p>\n","protected":false},"excerpt":{"rendered":"<p>[vc_row][vc_column width=&#8221;1\/2&#8243;][vc_single_image image=&#8221;864&#8243; img_size=&#8221;full&#8221; alignment=&#8221;center&#8221; style=&#8221;vc_box_outline&#8221; border_color=&#8221;blue&#8221;][\/vc_column][vc_column width=&#8221;1\/2&#8243;][vc_column_text] Te\u015fviklerinizi Profesyonelce Y\u00f6netin Anatolia Expo olarak, te\u015fvik s\u00fcre\u00e7lerinin karma\u015f\u0131kl\u0131\u011f\u0131n\u0131 ve zaman al\u0131c\u0131 do\u011fas\u0131n\u0131 anl\u0131yoruz. \u0130\u015fletmenizin b\u00fcy\u00fcmesi ve geli\u015fmesi i\u00e7in ihtiya\u00e7 duydu\u011funuz te\u015fvikleri en etkin \u015fekilde y\u00f6netmenize yard\u0131mc\u0131 oluyoruz. Uzman ekibimiz ve kapsaml\u0131&#8230;<\/p>\n","protected":false},"author":1,"featured_media":0,"parent":0,"menu_order":0,"comment_status":"closed","ping_status":"closed","template":"","meta":{"pgc_sgb_lightbox_settings":"","footnotes":""},"class_list":["post-841","page","type-page","status-publish","hentry"],"_links":{"self":[{"href":"https:\/\/www.anatoliaexpo.com.tr\/en\/wp-json\/wp\/v2\/pages\/841","targetHints":{"allow":["GET"]}}],"collection":[{"href":"https:\/\/www.anatoliaexpo.com.tr\/en\/wp-json\/wp\/v2\/pages"}],"about":[{"href":"https:\/\/www.anatoliaexpo.com.tr\/en\/wp-json\/wp\/v2\/types\/page"}],"author":[{"embeddable":true,"href":"https:\/\/www.anatoliaexpo.com.tr\/en\/wp-json\/wp\/v2\/users\/1"}],"replies":[{"embeddable":true,"href":"https:\/\/www.anatoliaexpo.com.tr\/en\/wp-json\/wp\/v2\/comments?post=841"}],"version-history":[{"count":4,"href":"https:\/\/www.anatoliaexpo.com.tr\/en\/wp-json\/wp\/v2\/pages\/841\/revisions"}],"predecessor-version":[{"id":871,"href":"https:\/\/www.anatoliaexpo.com.tr\/en\/wp-json\/wp\/v2\/pages\/841\/revisions\/871"}],"wp:attachment":[{"href":"https:\/\/www.anatoliaexpo.com.tr\/en\/wp-json\/wp\/v2\/media?parent=841"}],"curies":[{"name":"wp","href":"https:\/\/api.w.org\/{rel}","templated":true}]}}